{"id":575,"date":"2014-12-30T15:45:17","date_gmt":"2014-12-30T15:45:17","guid":{"rendered":"http:\/\/femalebusiness.biz\/site\/?page_id=575"},"modified":"2015-11-12T11:29:21","modified_gmt":"2015-11-12T11:29:21","slug":"about","status":"publish","type":"page","link":"https:\/\/www.femalemanagement.com\/de\/about\/","title":{"rendered":"\u00dcber mich"},"content":{"rendered":"<h3>Christopher Weber-F\u00fcrst<\/h3>\n<p><img fetchpriority=\"high\" decoding=\"async\" src=\"http:\/\/femalebusiness.biz\/site\/wp-content\/uploads\/christopher-weber-fuerst-300x300.jpg\" alt=\"christopher-weber-fuerst\" width=\"300\" height=\"300\" class=\"alignright size-medium wp-image-670\" srcset=\"https:\/\/www.femalemanagement.com\/site\/wp-content\/uploads\/christopher-weber-fuerst-300x300.jpg 300w, https:\/\/www.femalemanagement.com\/site\/wp-content\/uploads\/christopher-weber-fuerst-150x150.jpg 150w, https:\/\/www.femalemanagement.com\/site\/wp-content\/uploads\/christopher-weber-fuerst-380x380.jpg 380w, https:\/\/www.femalemanagement.com\/site\/wp-content\/uploads\/christopher-weber-fuerst.jpg 400w\" sizes=\"(max-width: 300px) 100vw, 300px\" \/><br \/>\nNorweger, in Deutschland lebend<\/p>\n<h4>Lebenslauf im \u00dcberblick:<\/h4>\n<ul>\n<li>seit 2004 eigene Beratungs- und Coaching-Firma<\/li>\n<li>2008-2009 Vorstandsmitglied des ICF, International Coach Federation, Norwegen<\/li>\n<li>2 Jahre Berater und Senior-Berater im HR-Recruiting<\/li>\n<li>8 Jahre Sales Manager, Sales und Marketing Director und Business Consultant in IT<\/li>\n<li>5 Jahre Projektleiter in einer NGO<\/li>\n<li>2 Jahre Berater f\u00fcr Jugendliche im \u00f6ffentlichen Dienst<\/li>\n<li>22 Jahre Leitung eines eigenen Industriebetriebs<\/li>\n<\/ul>\n<h4>Studien, Aus- und Weiterbildungen:<\/h4>\n<ul>\n<li>Studien in Wissenschaft, P\u00e4dagogik, Soziologie und Landwirtschaft, Kanada, Irland, Norwegen<\/li>\n<li>CTI Executive Coaching<\/li>\n<li>CTI Coaching, Norwegen<\/li>\n<li>ORSC Organisational Relationship Systems Coaching, Norwegen<\/li>\n<li>Act of Leadership, Norwegen<\/li>\n<li>REN Coaching, China<\/li>\n<li>NLP, Norwegen<\/li>\n<li>Enzise, web-basiertes Tool f\u00fcr Einzel- und Team-Assessment, Norwegen<\/li>\n<li>Psychodrama, Norwegen<\/li>\n<\/ul>\n<h4>Zzertifizierungen:<\/h4>\n<ul>\n<li>PCC, Professional Certified Coach, vom ICF (International Coach Federation)<\/li>\n<li>CPCC, Certified Professional Coactive Coach vom CTI (Coach Training Institute)<\/li>\n<\/ul>\n<h4>Berufliche\u00a0Netzwerke:<\/h4>\n<ul>\n<li>ICF, International Coach Federation\u00a0<a href=\"http:\/\/www.coachfederation.de\/\" target=\"_blank\">www.coachfederation.de<\/a><\/li>\n<li>ICF, International Coach Federation\u00a0<a href=\"http:\/\/www.coachfederation.org\/\" target=\"_blank\">www.coachfederation.org<\/a><\/li>\n<li>CTI, Coach Training Institute<\/li>\n<\/ul>\n<h4>Sprachen:<\/h4>\n<ul>\n<li>englisch<\/li>\n<li>deutsch<\/li>\n<li>norwegisch<\/li>\n<li>swedisch<\/li>\n<li>d\u00e4nisch<\/li>\n<\/ul>\n","protected":false},"excerpt":{"rendered":"<p>Christopher Weber-F\u00fcrst Norweger, in Deutschland lebend Lebenslauf im \u00dcberblick: seit 2004 eigene Beratungs- und Coaching-Firma 2008-2009 Vorstandsmitglied des ICF, International Coach Federation, Norwegen 2 Jahre Berater und Senior-Berater im HR-Recruiting 8 Jahre Sales Manager, Sales und Marketing Director und Business Consultant in IT 5 Jahre Projektleiter in einer NGO 2 Jahre Berater f\u00fcr Jugendliche im [&hellip;]<\/p>\n","protected":false},"author":3,"featured_media":0,"parent":0,"menu_order":0,"comment_status":"closed","ping_status":"closed","template":"","meta":{"_genesis_hide_title":false,"_genesis_hide_breadcrumbs":false,"_genesis_hide_singular_image":false,"_genesis_hide_footer_widgets":false,"_genesis_custom_body_class":"","_genesis_custom_post_class":"","_genesis_layout":"","footnotes":""},"class_list":{"0":"post-575","1":"page","2":"type-page","3":"status-publish","5":"entry"},"yoast_head":"<!-- This site is optimized with the Yoast SEO plugin v27.1.1 - https:\/\/yoast.com\/product\/yoast-seo-wordpress\/ -->\n<title>\u00dcber mich - Christopher Weber-F\u00fcrst<\/title>\n<meta name=\"description\" content=\"\u00dcber Christopher Weber-F\u00fcrst, der sich entschieden hat, mit seiner Arbeit Frauen dabei zu unterst\u00fctzen, ihre eigene innere Stimme zu finden.\" \/>\n<meta name=\"robots\" content=\"index, follow, max-snippet:-1, max-image-preview:large, max-video-preview:-1\" \/>\n<link rel=\"canonical\" href=\"https:\/\/www.femalemanagement.com\/de\/about\/\" \/>\n<meta property=\"og:locale\" content=\"de_DE\" \/>\n<meta property=\"og:type\" content=\"article\" \/>\n<meta property=\"og:title\" content=\"\u00dcber mich - Christopher Weber-F\u00fcrst\" \/>\n<meta property=\"og:description\" content=\"\u00dcber Christopher Weber-F\u00fcrst, der sich entschieden hat, mit seiner Arbeit Frauen dabei zu unterst\u00fctzen, ihre eigene innere Stimme zu finden.\" \/>\n<meta property=\"og:url\" content=\"https:\/\/www.femalemanagement.com\/de\/about\/\" \/>\n<meta property=\"og:site_name\" content=\"Christopher Weber-F\u00fcrst\" \/>\n<meta property=\"article:modified_time\" content=\"2015-11-12T11:29:21+00:00\" \/>\n<meta property=\"og:image\" content=\"http:\/\/femalebusiness.biz\/site\/wp-content\/uploads\/christopher-weber-fuerst-300x300.jpg\" \/>\n<meta name=\"twitter:card\" content=\"summary_large_image\" \/>\n<meta name=\"twitter:label1\" content=\"Gesch\u00e4tzte Lesezeit\" \/>\n\t<meta name=\"twitter:data1\" content=\"1\u00a0Minute\" \/>\n<script type=\"application\/ld+json\" class=\"yoast-schema-graph\">{\"@context\":\"https:\/\/schema.org\",\"@graph\":[{\"@type\":\"WebPage\",\"@id\":\"https:\/\/www.femalemanagement.com\/de\/about\/\",\"url\":\"https:\/\/www.femalemanagement.com\/de\/about\/\",\"name\":\"\u00dcber mich - Christopher Weber-F\u00fcrst\",\"isPartOf\":{\"@id\":\"https:\/\/www.femalemanagement.com\/#website\"},\"primaryImageOfPage\":{\"@id\":\"https:\/\/www.femalemanagement.com\/de\/about\/#primaryimage\"},\"image\":{\"@id\":\"https:\/\/www.femalemanagement.com\/de\/about\/#primaryimage\"},\"thumbnailUrl\":\"http:\/\/femalebusiness.biz\/site\/wp-content\/uploads\/christopher-weber-fuerst-300x300.jpg\",\"datePublished\":\"2014-12-30T15:45:17+00:00\",\"dateModified\":\"2015-11-12T11:29:21+00:00\",\"description\":\"\u00dcber Christopher Weber-F\u00fcrst, der sich entschieden hat, mit seiner Arbeit Frauen dabei zu unterst\u00fctzen, ihre eigene innere Stimme zu finden.\",\"inLanguage\":\"de\",\"potentialAction\":[{\"@type\":\"ReadAction\",\"target\":[\"https:\/\/www.femalemanagement.com\/de\/about\/\"]}]},{\"@type\":\"ImageObject\",\"inLanguage\":\"de\",\"@id\":\"https:\/\/www.femalemanagement.com\/de\/about\/#primaryimage\",\"url\":\"http:\/\/femalebusiness.biz\/site\/wp-content\/uploads\/christopher-weber-fuerst-300x300.jpg\",\"contentUrl\":\"http:\/\/femalebusiness.biz\/site\/wp-content\/uploads\/christopher-weber-fuerst-300x300.jpg\"},{\"@type\":\"WebSite\",\"@id\":\"https:\/\/www.femalemanagement.com\/#website\",\"url\":\"https:\/\/www.femalemanagement.com\/\",\"name\":\"Christopher Weber-F\u00fcrst\",\"description\":\"Female Management, Coaching &amp; Consulting\",\"publisher\":{\"@id\":\"https:\/\/www.femalemanagement.com\/#organization\"},\"potentialAction\":[{\"@type\":\"SearchAction\",\"target\":{\"@type\":\"EntryPoint\",\"urlTemplate\":\"https:\/\/www.femalemanagement.com\/?s={search_term_string}\"},\"query-input\":{\"@type\":\"PropertyValueSpecification\",\"valueRequired\":true,\"valueName\":\"search_term_string\"}}],\"inLanguage\":\"de\"},{\"@type\":\"Organization\",\"@id\":\"https:\/\/www.femalemanagement.com\/#organization\",\"name\":\"Christopher Weber-F\u00fcrst\",\"url\":\"https:\/\/www.femalemanagement.com\/\",\"logo\":{\"@type\":\"ImageObject\",\"inLanguage\":\"de\",\"@id\":\"https:\/\/www.femalemanagement.com\/#\/schema\/logo\/image\/\",\"url\":\"https:\/\/www.femalemanagement.com\/site\/wp-content\/uploads\/christopher.png\",\"contentUrl\":\"https:\/\/www.femalemanagement.com\/site\/wp-content\/uploads\/christopher.png\",\"width\":512,\"height\":512,\"caption\":\"Christopher Weber-F\u00fcrst\"},\"image\":{\"@id\":\"https:\/\/www.femalemanagement.com\/#\/schema\/logo\/image\/\"},\"sameAs\":[\"http:\/\/www.linkedin.com\/pub\/christopher-weber-f\u00fcrst\/0\/28a\/228\"]}]}<\/script>\n<!-- \/ Yoast SEO plugin. -->","yoast_head_json":{"title":"\u00dcber mich - Christopher Weber-F\u00fcrst","description":"\u00dcber Christopher Weber-F\u00fcrst, der sich entschieden hat, mit seiner Arbeit Frauen dabei zu unterst\u00fctzen, ihre eigene innere Stimme zu finden.","robots":{"index":"index","follow":"follow","max-snippet":"max-snippet:-1","max-image-preview":"max-image-preview:large","max-video-preview":"max-video-preview:-1"},"canonical":"https:\/\/www.femalemanagement.com\/de\/about\/","og_locale":"de_DE","og_type":"article","og_title":"\u00dcber mich - Christopher Weber-F\u00fcrst","og_description":"\u00dcber Christopher Weber-F\u00fcrst, der sich entschieden hat, mit seiner Arbeit Frauen dabei zu unterst\u00fctzen, ihre eigene innere Stimme zu finden.","og_url":"https:\/\/www.femalemanagement.com\/de\/about\/","og_site_name":"Christopher Weber-F\u00fcrst","article_modified_time":"2015-11-12T11:29:21+00:00","og_image":[{"url":"http:\/\/femalebusiness.biz\/site\/wp-content\/uploads\/christopher-weber-fuerst-300x300.jpg","type":"","width":"","height":""}],"twitter_card":"summary_large_image","twitter_misc":{"Gesch\u00e4tzte Lesezeit":"1\u00a0Minute"},"schema":{"@context":"https:\/\/schema.org","@graph":[{"@type":"WebPage","@id":"https:\/\/www.femalemanagement.com\/de\/about\/","url":"https:\/\/www.femalemanagement.com\/de\/about\/","name":"\u00dcber mich - Christopher Weber-F\u00fcrst","isPartOf":{"@id":"https:\/\/www.femalemanagement.com\/#website"},"primaryImageOfPage":{"@id":"https:\/\/www.femalemanagement.com\/de\/about\/#primaryimage"},"image":{"@id":"https:\/\/www.femalemanagement.com\/de\/about\/#primaryimage"},"thumbnailUrl":"http:\/\/femalebusiness.biz\/site\/wp-content\/uploads\/christopher-weber-fuerst-300x300.jpg","datePublished":"2014-12-30T15:45:17+00:00","dateModified":"2015-11-12T11:29:21+00:00","description":"\u00dcber Christopher Weber-F\u00fcrst, der sich entschieden hat, mit seiner Arbeit Frauen dabei zu unterst\u00fctzen, ihre eigene innere Stimme zu finden.","inLanguage":"de","potentialAction":[{"@type":"ReadAction","target":["https:\/\/www.femalemanagement.com\/de\/about\/"]}]},{"@type":"ImageObject","inLanguage":"de","@id":"https:\/\/www.femalemanagement.com\/de\/about\/#primaryimage","url":"http:\/\/femalebusiness.biz\/site\/wp-content\/uploads\/christopher-weber-fuerst-300x300.jpg","contentUrl":"http:\/\/femalebusiness.biz\/site\/wp-content\/uploads\/christopher-weber-fuerst-300x300.jpg"},{"@type":"WebSite","@id":"https:\/\/www.femalemanagement.com\/#website","url":"https:\/\/www.femalemanagement.com\/","name":"Christopher Weber-F\u00fcrst","description":"Female Management, Coaching &amp; Consulting","publisher":{"@id":"https:\/\/www.femalemanagement.com\/#organization"},"potentialAction":[{"@type":"SearchAction","target":{"@type":"EntryPoint","urlTemplate":"https:\/\/www.femalemanagement.com\/?s={search_term_string}"},"query-input":{"@type":"PropertyValueSpecification","valueRequired":true,"valueName":"search_term_string"}}],"inLanguage":"de"},{"@type":"Organization","@id":"https:\/\/www.femalemanagement.com\/#organization","name":"Christopher Weber-F\u00fcrst","url":"https:\/\/www.femalemanagement.com\/","logo":{"@type":"ImageObject","inLanguage":"de","@id":"https:\/\/www.femalemanagement.com\/#\/schema\/logo\/image\/","url":"https:\/\/www.femalemanagement.com\/site\/wp-content\/uploads\/christopher.png","contentUrl":"https:\/\/www.femalemanagement.com\/site\/wp-content\/uploads\/christopher.png","width":512,"height":512,"caption":"Christopher Weber-F\u00fcrst"},"image":{"@id":"https:\/\/www.femalemanagement.com\/#\/schema\/logo\/image\/"},"sameAs":["http:\/\/www.linkedin.com\/pub\/christopher-weber-f\u00fcrst\/0\/28a\/228"]}]}},"_links":{"self":[{"href":"https:\/\/www.femalemanagement.com\/de\/wp-json\/wp\/v2\/pages\/575","targetHints":{"allow":["GET"]}}],"collection":[{"href":"https:\/\/www.femalemanagement.com\/de\/wp-json\/wp\/v2\/pages"}],"about":[{"href":"https:\/\/www.femalemanagement.com\/de\/wp-json\/wp\/v2\/types\/page"}],"author":[{"embeddable":true,"href":"https:\/\/www.femalemanagement.com\/de\/wp-json\/wp\/v2\/users\/3"}],"replies":[{"embeddable":true,"href":"https:\/\/www.femalemanagement.com\/de\/wp-json\/wp\/v2\/comments?post=575"}],"version-history":[{"count":5,"href":"https:\/\/www.femalemanagement.com\/de\/wp-json\/wp\/v2\/pages\/575\/revisions"}],"predecessor-version":[{"id":678,"href":"https:\/\/www.femalemanagement.com\/de\/wp-json\/wp\/v2\/pages\/575\/revisions\/678"}],"wp:attachment":[{"href":"https:\/\/www.femalemanagement.com\/de\/wp-json\/wp\/v2\/media?parent=575"}],"curies":[{"name":"wp","href":"https:\/\/api.w.org\/{rel}","templated":true}]}}